{"id":106,"date":"2016-10-14T11:56:39","date_gmt":"2016-10-14T11:56:39","guid":{"rendered":"http:\/\/www.arkreativa.se\/?page_id=106"},"modified":"2021-10-27T07:57:46","modified_gmt":"2021-10-27T07:57:46","slug":"kontrollansvarig-enligt-pbl-ka-plan-och-bygglagen-kapitel-10","status":"publish","type":"page","link":"https:\/\/www.arkreativa.se\/en\/hem\/vara-tjanster\/kontrollansvarig-enligt-pbl-ka-plan-och-bygglagen-kapitel-10\/","title":{"rendered":"Kontrollansvarig enligt PBL (KA)"},"content":{"rendered":"\n<h1 class=\"wp-block-heading\">Kontrollansvarig enligt PBL (KA); plan- och bygglagen kapitel 10<\/h1>\n\n\n\n<p class=\"has-medium-font-size\">En certifierad Kontrollansvarig kr\u00e4vs vid alla st\u00f6rre bygg-, rivnings- och mark\u00e5tg\u00e4rder. Vid enklare bygglov- eller anm\u00e4lningspliktiga \u00e5tg\u00e4rder, som tex sm\u00e5 \u00e4ndringar av en- eller tv\u00e5bostadshus, kan byggherren sj\u00e4lv utf\u00f6ra kontrollerna. Byggnadsn\u00e4mnden beslutar om n\u00e4r det kr\u00e4vs en certifierad KA.<\/p>\n\n\n\n<p class=\"has-medium-font-size\">M\u00e5rten Lann\u00e5s, Arkreativa AB, \u00e4r certifierad som KA enligt PBL med beh\u00f6righet K.<\/p>\n\n\n\n<div style=\"height:35px\" aria-hidden=\"true\" class=\"wp-block-spacer\"><\/div>\n\n\n\n<h2 class=\"wp-block-heading\">Begrepp i plan- och bygglagen<\/h2>\n\n\n\n<p class=\"has-medium-font-size\">Nedan f\u00f6ljer n\u00e5gra begrepp fr\u00e5n Plan- och bygglagen, som \u00e4r viktiga att k\u00e4nna till och som f\u00f6rklarar den Kontrollansvariges roll och uppdrag:<\/p>\n\n\n\n<div style=\"height:15px\" aria-hidden=\"true\" class=\"wp-block-spacer\"><\/div>\n\n\n\n<div class=\"wp-block-columns is-layout-flex wp-container-core-columns-is-layout-1 wp-block-columns-is-layout-flex\">\n<div class=\"wp-block-column is-layout-flow wp-block-column-is-layout-flow\">\n<div class=\"wp-block-group\"><div class=\"wp-block-group__inner-container is-layout-flow wp-block-group-is-layout-flow\">\n<h3 class=\"wp-block-heading\">Avvikelser<\/h3>\n\n\n\n<p class=\"has-medium-font-size\">Den Kontrollansvarige har en <em>skyldighet<\/em> att till byggnadsn\u00e4mnden rapportera avvikelser fr\u00e5n bygglovet. Det \u00e4r d\u00e4rf\u00f6r viktigt att ha en \u00f6ppen dialog med sin KA och diskutera \u00e4ndringar innan de utf\u00f6rs.<\/p>\n<\/div><\/div>\n<\/div>\n\n\n\n<div class=\"wp-block-column is-layout-flow wp-block-column-is-layout-flow\">\n<div class=\"wp-block-group\"><div class=\"wp-block-group__inner-container is-layout-flow wp-block-group-is-layout-flow\">\n<h3 class=\"wp-block-heading\">Byggsanktionsavgift<\/h3>\n\n\n\n<p class=\"has-medium-font-size\">Att utf\u00f6ra lovpliktiga \u00e5tg\u00e4rder p\u00e5 byggnader utan bygglov, starta ett bygge utan startbesked eller att ta en byggnad i bruk utan slutbesked kan medf\u00f6ra att byggnadsn\u00e4mnden tar ut en <em>s\u00e4rskild avgift<\/em>, det vill s\u00e4ga ett i lag fastst\u00e4llt b\u00f6tesbelopp.<\/p>\n<\/div><\/div>\n<\/div>\n<\/div>\n\n\n\n<div class=\"wp-block-columns is-layout-flex wp-container-core-columns-is-layout-2 wp-block-columns-is-layout-flex\">\n<div class=\"wp-block-column is-layout-flow wp-block-column-is-layout-flow\">\n<div class=\"wp-block-group\"><div class=\"wp-block-group__inner-container is-layout-flow wp-block-group-is-layout-flow\">\n<h3 class=\"wp-block-heading\">Tekniskt samr\u00e5d<\/h3>\n\n\n\n<p class=\"has-medium-font-size\">Byggnadsn\u00e4mnden kallar byggherren och den kontrollansvarige till ett tekniskt samr\u00e5d. D\u00e5 kan \u00e4ven andra parter vara kallade, exempelvis milj\u00f6inspekt\u00f6rer, tekniska konsulter, brandmyndigheter med flera.<\/p>\n\n\n\n<p class=\"has-medium-font-size\">Vid det tekniska samr\u00e5det g\u00e5r man igenom f\u00f6ljande:<\/p>\n\n\n\n<ul class=\"has-medium-font-size wp-block-list\"><li>arbetets planering och organisation (exempelvis arbetarskydd och arbetsmilj\u00f6)<\/li><li>kontrollplanen och \u00f6vriga handlingar (branddokument, teknisk beskrivning, konstruktion och liknande)<\/li><li>behov av arbetsplatsbes\u00f6k med mera<\/li><\/ul>\n\n\n\n<p class=\"has-medium-font-size\">Efter det tekniska samr\u00e5det kan ett <em>startbesked<\/em> utf\u00e4rdas.<\/p>\n<\/div><\/div>\n<\/div>\n\n\n\n<div class=\"wp-block-column is-layout-flow wp-block-column-is-layout-flow\">\n<div class=\"wp-block-group\"><div class=\"wp-block-group__inner-container is-layout-flow wp-block-group-is-layout-flow\">\n<h3 class=\"wp-block-heading\">Kontrollansvarig (enligt PBL)<\/h3>\n\n\n\n<div class=\"wp-block-group\"><div class=\"wp-block-group__inner-container is-layout-flow wp-block-group-is-layout-flow\">\n<p class=\"has-medium-font-size\">Kontrollansvarige (KA) arbetar som en <em>r\u00e5dgivande konsult \u00e5t Byggherren.<\/em> KA kan ses som l\u00e4nken mellan byggherren och myndigheten.<\/p>\n\n\n\n<p class=\"has-medium-font-size\">KA:s uppgifter \u00e4r bland annat f\u00f6ljande:<\/p>\n\n\n\n<ul class=\"has-medium-font-size wp-block-list\"><li>uppr\u00e4tta ett f\u00f6rslag till en kontrollplan<\/li><li>se till att kontroller enligt fastst\u00e4lld kontrollplan utf\u00f6rs<\/li><li>bevaka att bygglovet f\u00f6ljs<\/li><li>n\u00e4rvara vid tekniskt samr\u00e5d, besiktningar mm<\/li><li>utf\u00f6ra och dokumentera arbetsplatsbes\u00f6k<\/li><li>avge ett utl\u00e5tande inf\u00f6r slutbeskedet<\/li><\/ul>\n<\/div><\/div>\n<\/div><\/div>\n<\/div>\n<\/div>\n\n\n\n<div class=\"wp-block-columns is-layout-flex wp-container-core-columns-is-layout-3 wp-block-columns-is-layout-flex\">\n<div class=\"wp-block-column is-layout-flow wp-block-column-is-layout-flow\">\n<div class=\"wp-block-group\"><div class=\"wp-block-group__inner-container is-layout-flow wp-block-group-is-layout-flow\">\n<h3 class=\"wp-block-heading\">Kontrollplan (enligt PBL)<\/h3>\n\n\n\n<p class=\"has-medium-font-size\">Kontrollplanen redovisar vilka kontroller som skall utf\u00f6ras och vem som ska verifiera kontrollerna. KA g\u00f6r ett f\u00f6rslag till en kontrollplan enligt PBL, som g\u00e5s igenom vid det Tekniska samr\u00e5det. I kontrollplanen listas myndighetskrav, objektspecifika krav och kritiska punkter som \u00e4r aktuella f\u00f6r objektet. Dessa punkter prickas av efterhand som de slutf\u00f6rs och n\u00e4r kontrollplanen \u00e4r komplett kan ett slutbesked utf\u00e4rdas.<\/p>\n<\/div><\/div>\n<\/div>\n\n\n\n<div class=\"wp-block-column is-layout-flow wp-block-column-is-layout-flow\">\n<div class=\"wp-block-group\"><div class=\"wp-block-group__inner-container is-layout-flow wp-block-group-is-layout-flow\">\n<h3 class=\"wp-block-heading\">Slutbesked<\/h3>\n\n\n\n<p class=\"has-medium-font-size\">En byggnad f\u00e5r inte tas i bruk, i de delar som omfattas av Startbeskedet, f\u00f6rr\u00e4n byggnadsn\u00e4mnden har gett ett Slutbesked.<\/p>\n\n\n\n<p class=\"has-medium-font-size\">Undantagsvis kan ett <em>tillf\u00e4lligt slutbesked<\/em> utf\u00e4rdas om brister (punkter i kontrollplanen) kvarst\u00e5r, s\u00e5 att byggnaden, i vissa delar, kan tas i bruk.<\/p>\n<\/div><\/div>\n<\/div>\n<\/div>\n\n\n\n<div class=\"wp-block-columns is-layout-flex wp-container-core-columns-is-layout-4 wp-block-columns-is-layout-flex\">\n<div class=\"wp-block-column is-layout-flow wp-block-column-is-layout-flow\">\n<div class=\"wp-block-group\"><div class=\"wp-block-group__inner-container is-layout-flow wp-block-group-is-layout-flow\">\n<div class=\"wp-block-group\"><div class=\"wp-block-group__inner-container is-layout-flow wp-block-group-is-layout-flow\">\n<h3 class=\"wp-block-heading\">Egenkontroll<\/h3>\n\n\n\n<p class=\"has-medium-font-size\">Samtliga entrepren\u00f6rer och underentrepren\u00f6rer f\u00f6rv\u00e4ntas ha egna kontrollsystem, som anpassas till respektive projekt.<\/p>\n\n\n\n<p class=\"has-medium-font-size\">Kontrollpunkterna enligt Kontrollplanen (PBL) skall inarbetas i respektive entrepren\u00f6rs egenkontroll, om de inte redan finns upptagna d\u00e4r.<\/p>\n<\/div><\/div>\n\n\n\n<div style=\"height:15px\" aria-hidden=\"true\" class=\"wp-block-spacer\"><\/div>\n\n\n\n<h3 class=\"wp-block-heading\">Slutsamr\u00e5d<\/h3>\n\n\n\n<p class=\"has-medium-font-size\"> N\u00e4r byggnationen n\u00e4rmar sig sitt slut, kallar byggherren\/KA byggnadsinspekt\u00f6ren till ett slutsamr\u00e5d. Slutsamr\u00e5det sker normalt p\u00e5 byggarbetsplatsen. Vid slutsamr\u00e5det g\u00e5s Kontrollplanen och KA:s yttrande igenom, vilket ligger till grund f\u00f6r utf\u00e4rdande av slutbeskedet. <\/p>\n<\/div><\/div>\n<\/div>\n\n\n\n<div class=\"wp-block-column is-layout-flow wp-block-column-is-layout-flow\">\n<div class=\"wp-block-group\"><div class=\"wp-block-group__inner-container is-layout-flow wp-block-group-is-layout-flow\">\n<h3 class=\"wp-block-heading\">Startbesked<\/h3>\n\n\n\n<p class=\"has-medium-font-size\">En \u00e5tg\u00e4rd som kr\u00e4ver bygglov f\u00e5r inte p\u00e5b\u00f6rjas innan byggnadsn\u00e4mnden har gett ett startbesked.<\/p>\n\n\n\n<p class=\"has-medium-font-size\">Undantagsvis f\u00e5r underh\u00e5lls\u00e5tg\u00e4rder p\u00e5b\u00f6rjas, exempelvis inv\u00e4ndig omm\u00e5lning och byte av inv\u00e4ndiga ytskikt.<\/p>\n<\/div><\/div>\n<\/div>\n<\/div>\n","protected":false},"excerpt":{"rendered":"<p>Kontrollansvarig enligt PBL (KA); plan- och bygglagen kapitel 10 En certifierad Kontrollansvarig kr\u00e4vs vid alla st\u00f6rre bygg-, rivnings- och mark\u00e5tg\u00e4rder. Vid enklare bygglov- eller anm\u00e4lningspliktiga \u00e5tg\u00e4rder, som tex sm\u00e5 \u00e4ndringar av en- eller tv\u00e5bostadshus, kan byggherren sj\u00e4lv utf\u00f6ra kontrollerna. Byggnadsn\u00e4mnden beslutar om n\u00e4r det kr\u00e4vs en certifierad KA. M\u00e5rten Lann\u00e5s, Arkreativa AB, \u00e4r certifierad som<\/p>\n<p><a href=\"https:\/\/www.arkreativa.se\/en\/hem\/vara-tjanster\/kontrollansvarig-enligt-pbl-ka-plan-och-bygglagen-kapitel-10\/\" class=\"more-link themebutton\">Read More<\/a><\/p>\n","protected":false},"author":1,"featured_media":0,"parent":98,"menu_order":1,"comment_status":"closed","ping_status":"closed","template":"","meta":{"footnotes":""},"class_list":["post-106","page","type-page","status-publish","hentry"],"translation":{"provider":"WPGlobus","version":"2.8.11","language":"en","enabled_languages":["sv","en"],"languages":{"sv":{"title":true,"content":true,"excerpt":false},"en":{"title":false,"content":false,"excerpt":false}}},"_links":{"self":[{"href":"https:\/\/www.arkreativa.se\/en\/wp-json\/wp\/v2\/pages\/106"}],"collection":[{"href":"https:\/\/www.arkreativa.se\/en\/wp-json\/wp\/v2\/pages"}],"about":[{"href":"https:\/\/www.arkreativa.se\/en\/wp-json\/wp\/v2\/types\/page"}],"author":[{"embeddable":true,"href":"https:\/\/www.arkreativa.se\/en\/wp-json\/wp\/v2\/users\/1"}],"replies":[{"embeddable":true,"href":"https:\/\/www.arkreativa.se\/en\/wp-json\/wp\/v2\/comments?post=106"}],"version-history":[{"count":23,"href":"https:\/\/www.arkreativa.se\/en\/wp-json\/wp\/v2\/pages\/106\/revisions"}],"predecessor-version":[{"id":1483,"href":"https:\/\/www.arkreativa.se\/en\/wp-json\/wp\/v2\/pages\/106\/revisions\/1483"}],"up":[{"embeddable":true,"href":"https:\/\/www.arkreativa.se\/en\/wp-json\/wp\/v2\/pages\/98"}],"wp:attachment":[{"href":"https:\/\/www.arkreativa.se\/en\/wp-json\/wp\/v2\/media?parent=106"}],"curies":[{"name":"wp","href":"https:\/\/api.w.org\/{rel}","templated":true}]}}