{"id":128,"date":"2016-10-14T12:20:29","date_gmt":"2016-10-14T12:20:29","guid":{"rendered":"http:\/\/www.arkreativa.se\/?page_id=128"},"modified":"2021-10-27T07:59:33","modified_gmt":"2021-10-27T07:59:33","slug":"brandskydd-boverkets-byggregler-avsnitt-5","status":"publish","type":"page","link":"https:\/\/www.arkreativa.se\/en\/hem\/vara-tjanster\/brandskydd-boverkets-byggregler-avsnitt-5\/","title":{"rendered":"Brandskydd"},"content":{"rendered":"\n<h1 class=\"wp-block-heading\">Brandskydd: Boverkets byggregler avsnitt 5<\/h1>\n\n\n\n<p class=\"has-medium-font-size\">Vid de flesta om-, till- och nybyggnationer kr\u00e4vs n\u00e5gon form av dokumentation av brandskyddet. I samband med bygglovet uppr\u00e4ttas en Brandskyddsbeskrivning, vilken sedan ligger till grund f\u00f6r den fortsatta projekteringen. N\u00e4r byggnaden \u00e4r f\u00e4rdigst\u00e4lld \u00e4ndras brandskyddsbeskrivningen till en brandskyddsdokumentation och utg\u00f6r d\u00e5 en dokumentation \u00f6ver det slutgiltiga utf\u00f6randet. En brandskyddsbeskrivning kan \u00e4ven kr\u00e4vas vid \u00e4ndrad anv\u00e4ndning fr\u00e5n en verksamhet till en annan.<\/p>\n\n\n\n<p class=\"has-medium-font-size\">Arkreativa AB uppr\u00e4ttar brandskyddsbeskrivningar genom f\u00f6renklad dimensionering och i samr\u00e5d med den lokala R\u00e4ddningstj\u00e4nsten (lokalt godk\u00e4nnande). Arkreativa AB \u00e5tar sig ej uppdrag d\u00e4r analytisk dimensionering \u00e4r ett krav.<\/p>\n\n\n\n<div style=\"height:15px\" aria-hidden=\"true\" class=\"wp-block-spacer\"><\/div>\n\n\n\n<div class=\"wp-block-columns is-layout-flex wp-container-core-columns-is-layout-1 wp-block-columns-is-layout-flex\">\n<div class=\"wp-block-column is-layout-flow wp-block-column-is-layout-flow\">\n<div class=\"wp-block-group\"><div class=\"wp-block-group__inner-container is-layout-flow wp-block-group-is-layout-flow\">\n<h2 class=\"wp-block-heading\">Arkreativa AB erbjuder f\u00f6ljande tj\u00e4nster och handlingar avseende brandskydd:<\/h2>\n\n\n\n<ul class=\"has-medium-font-size wp-block-list\"><li>Brandskyddsbeskrivning genom f\u00f6renklad dimensionering<\/li><li>Brandskyddsdokumentation genom f\u00f6renklad dimensionering<\/li><li>Brandritningar<\/li><li>Utrymningsplaner<\/li><li>Insatsplaner<\/li><li>Underlag f\u00f6r systematiskt brandskyddsarbete<\/li><li>Utredningar<\/li><\/ul>\n<\/div><\/div>\n<\/div>\n\n\n\n<div class=\"wp-block-column is-layout-flow wp-block-column-is-layout-flow\">\n<div class=\"wp-block-image\"><figure class=\"alignleft size-full\"><img loading=\"lazy\" decoding=\"async\" width=\"572\" height=\"406\" src=\"https:\/\/www.arkreativa.se\/wp-content\/uploads\/utrymningsplan.png\" alt=\"utrymningsplan\" class=\"wp-image-132\" srcset=\"https:\/\/www.arkreativa.se\/wp-content\/uploads\/utrymningsplan.png 572w, https:\/\/www.arkreativa.se\/wp-content\/uploads\/utrymningsplan-300x213.png 300w, https:\/\/www.arkreativa.se\/wp-content\/uploads\/utrymningsplan-150x106.png 150w, https:\/\/www.arkreativa.se\/wp-content\/uploads\/utrymningsplan-400x284.png 400w\" sizes=\"(max-width: 572px) 100vw, 572px\" \/><\/figure><\/div>\n<\/div>\n<\/div>\n","protected":false},"excerpt":{"rendered":"<p>Brandskydd: Boverkets byggregler avsnitt 5 Vid de flesta om-, till- och nybyggnationer kr\u00e4vs n\u00e5gon form av dokumentation av brandskyddet. I samband med bygglovet uppr\u00e4ttas en Brandskyddsbeskrivning, vilken sedan ligger till grund f\u00f6r den fortsatta projekteringen. N\u00e4r byggnaden \u00e4r f\u00e4rdigst\u00e4lld \u00e4ndras brandskyddsbeskrivningen till en brandskyddsdokumentation och utg\u00f6r d\u00e5 en dokumentation \u00f6ver det slutgiltiga utf\u00f6randet. En brandskyddsbeskrivning<\/p>\n<p><a href=\"https:\/\/www.arkreativa.se\/en\/hem\/vara-tjanster\/brandskydd-boverkets-byggregler-avsnitt-5\/\" class=\"more-link themebutton\">Read More<\/a><\/p>\n","protected":false},"author":1,"featured_media":0,"parent":98,"menu_order":2,"comment_status":"closed","ping_status":"closed","template":"","meta":{"footnotes":""},"class_list":["post-128","page","type-page","status-publish","hentry"],"translation":{"provider":"WPGlobus","version":"2.8.11","language":"en","enabled_languages":["sv","en"],"languages":{"sv":{"title":true,"content":true,"excerpt":false},"en":{"title":false,"content":false,"excerpt":false}}},"_links":{"self":[{"href":"https:\/\/www.arkreativa.se\/en\/wp-json\/wp\/v2\/pages\/128"}],"collection":[{"href":"https:\/\/www.arkreativa.se\/en\/wp-json\/wp\/v2\/pages"}],"about":[{"href":"https:\/\/www.arkreativa.se\/en\/wp-json\/wp\/v2\/types\/page"}],"author":[{"embeddable":true,"href":"https:\/\/www.arkreativa.se\/en\/wp-json\/wp\/v2\/users\/1"}],"replies":[{"embeddable":true,"href":"https:\/\/www.arkreativa.se\/en\/wp-json\/wp\/v2\/comments?post=128"}],"version-history":[{"count":13,"href":"https:\/\/www.arkreativa.se\/en\/wp-json\/wp\/v2\/pages\/128\/revisions"}],"predecessor-version":[{"id":1486,"href":"https:\/\/www.arkreativa.se\/en\/wp-json\/wp\/v2\/pages\/128\/revisions\/1486"}],"up":[{"embeddable":true,"href":"https:\/\/www.arkreativa.se\/en\/wp-json\/wp\/v2\/pages\/98"}],"wp:attachment":[{"href":"https:\/\/www.arkreativa.se\/en\/wp-json\/wp\/v2\/media?parent=128"}],"curies":[{"name":"wp","href":"https:\/\/api.w.org\/{rel}","templated":true}]}}