{"id":1552,"date":"2021-11-24T08:12:18","date_gmt":"2021-11-24T08:12:18","guid":{"rendered":"https:\/\/www.arkreativa.se\/?page_id=1552"},"modified":"2021-11-24T08:33:48","modified_gmt":"2021-11-24T08:33:48","slug":"fasadforandringar-brf-stangeln","status":"publish","type":"page","link":"https:\/\/www.arkreativa.se\/en\/hem\/referensobjekt\/ovriga-referensobjekt\/fasadforandringar-brf-stangeln\/","title":{"rendered":"Exterior colour scheme Brf St\u00e4ngeln"},"content":{"rendered":"\n<h1 class=\"wp-block-heading\">New exterior colour scheme Brf St\u00e4ngeln, Ljusdal<\/h1>\n\n\n\n<p class=\"has-medium-font-size\">T\u00e4lle 20:19<\/p>\n\n\n\n<div style=\"height:15px\" aria-hidden=\"true\" class=\"wp-block-spacer\"><\/div>\n\n\n\n<figure class=\"wp-block-gallery columns-2 is-cropped wp-block-gallery-1 is-layout-flex wp-block-gallery-is-layout-flex\"><ul class=\"blocks-gallery-grid\"><li class=\"blocks-gallery-item\"><figure><img loading=\"lazy\" decoding=\"async\" width=\"1024\" height=\"768\" src=\"https:\/\/www.arkreativa.se\/wp-content\/uploads\/fore-fasad-mot-martensgatan-1024x768.png\" alt=\"Husl\u00e4nga med alternerande m\u00f6rkt gr\u00e5gr\u00f6n och ljus gr\u00e5gr\u00f6n sliten fasad\" data-id=\"1549\" data-full-url=\"https:\/\/www.arkreativa.se\/wp-content\/uploads\/fore-fasad-mot-martensgatan.png\" data-link=\"https:\/\/www.arkreativa.se\/fore-fasad-mot-martensgatan\/\" class=\"wp-image-1549\" srcset=\"https:\/\/www.arkreativa.se\/wp-content\/uploads\/fore-fasad-mot-martensgatan-1024x768.png 1024w, https:\/\/www.arkreativa.se\/wp-content\/uploads\/fore-fasad-mot-martensgatan-300x225.png 300w, https:\/\/www.arkreativa.se\/wp-content\/uploads\/fore-fasad-mot-martensgatan-768x576.png 768w, https:\/\/www.arkreativa.se\/wp-content\/uploads\/fore-fasad-mot-martensgatan.png 1386w\" sizes=\"(max-width: 1024px) 100vw, 1024px\" \/><figcaption class=\"blocks-gallery-item__caption\">Facade facing M\u00e5rtensgatan &#8211; former colour scheme<\/figcaption><\/figure><\/li><li class=\"blocks-gallery-item\"><figure><img loading=\"lazy\" decoding=\"async\" width=\"1024\" height=\"768\" src=\"https:\/\/www.arkreativa.se\/wp-content\/uploads\/efter-fasad-mot-martensgatan-fixad-1024x768.jpg\" alt=\"Husl\u00e4nga med alternerande ockragul och ljusgul nym\u00e5lad fasad\" data-id=\"1548\" data-full-url=\"https:\/\/www.arkreativa.se\/wp-content\/uploads\/efter-fasad-mot-martensgatan-fixad-scaled.jpg\" data-link=\"https:\/\/www.arkreativa.se\/efter-fasad-mot-martensgatan-fixad\/\" class=\"wp-image-1548\" srcset=\"https:\/\/www.arkreativa.se\/wp-content\/uploads\/efter-fasad-mot-martensgatan-fixad-1024x768.jpg 1024w, https:\/\/www.arkreativa.se\/wp-content\/uploads\/efter-fasad-mot-martensgatan-fixad-300x225.jpg 300w, https:\/\/www.arkreativa.se\/wp-content\/uploads\/efter-fasad-mot-martensgatan-fixad-768x576.jpg 768w, https:\/\/www.arkreativa.se\/wp-content\/uploads\/efter-fasad-mot-martensgatan-fixad-1536x1152.jpg 1536w, https:\/\/www.arkreativa.se\/wp-content\/uploads\/efter-fasad-mot-martensgatan-fixad-2048x1536.jpg 2048w\" sizes=\"(max-width: 1024px) 100vw, 1024px\" \/><figcaption class=\"blocks-gallery-item__caption\">Facade facing M\u00e5rtensgatan &#8211; new colour scheme<\/figcaption><\/figure><\/li><\/ul><\/figure>\n\n\n\n<figure class=\"wp-block-gallery columns-5 is-cropped wp-block-gallery-2 is-layout-flex wp-block-gallery-is-layout-flex\"><ul class=\"blocks-gallery-grid\"><li class=\"blocks-gallery-item\"><figure><img loading=\"lazy\" decoding=\"async\" width=\"768\" height=\"1024\" src=\"https:\/\/www.arkreativa.se\/wp-content\/uploads\/efter-entre-o-husnummer-768x1024.png\" alt=\"Entr\u00e9ing\u00e5ng. Fasaden i ocksragul f\u00e4rg syns, liksom nya svarta hussiffror i tidl\u00f6s design.\" data-id=\"1546\" data-full-url=\"https:\/\/www.arkreativa.se\/wp-content\/uploads\/efter-entre-o-husnummer.png\" data-link=\"https:\/\/www.arkreativa.se\/efter-entre-o-husnummer\/\" class=\"wp-image-1546\" srcset=\"https:\/\/www.arkreativa.se\/wp-content\/uploads\/efter-entre-o-husnummer-768x1024.png 768w, https:\/\/www.arkreativa.se\/wp-content\/uploads\/efter-entre-o-husnummer-225x300.png 225w, https:\/\/www.arkreativa.se\/wp-content\/uploads\/efter-entre-o-husnummer.png 1090w\" sizes=\"(max-width: 768px) 100vw, 768px\" \/><figcaption class=\"blocks-gallery-item__caption\">Entrance with new house numbers<\/figcaption><\/figure><\/li><li class=\"blocks-gallery-item\"><figure><img loading=\"lazy\" decoding=\"async\" width=\"768\" height=\"1024\" src=\"https:\/\/www.arkreativa.se\/wp-content\/uploads\/fore-entretak-kallare-768x1024.jpg\" alt=\"K\u00e4llaring\u00e5ng med pl\u00e5ttak, mycket slitet, och gr\u00f6ngr\u00e5 sliten fasad.\" data-id=\"1551\" data-full-url=\"https:\/\/www.arkreativa.se\/wp-content\/uploads\/fore-entretak-kallare.jpg\" data-link=\"https:\/\/www.arkreativa.se\/fore-entretak-kallare\/\" class=\"wp-image-1551\" srcset=\"https:\/\/www.arkreativa.se\/wp-content\/uploads\/fore-entretak-kallare-768x1024.jpg 768w, https:\/\/www.arkreativa.se\/wp-content\/uploads\/fore-entretak-kallare-225x300.jpg 225w, https:\/\/www.arkreativa.se\/wp-content\/uploads\/fore-entretak-kallare-1152x1536.jpg 1152w, https:\/\/www.arkreativa.se\/wp-content\/uploads\/fore-entretak-kallare.jpg 1472w\" sizes=\"(max-width: 768px) 100vw, 768px\" \/><figcaption class=\"blocks-gallery-item__caption\">Roof over basement entrance &#8211; former colour scheme<\/figcaption><\/figure><\/li><li class=\"blocks-gallery-item\"><figure><img loading=\"lazy\" decoding=\"async\" width=\"768\" height=\"1024\" src=\"https:\/\/www.arkreativa.se\/wp-content\/uploads\/efter-entretak-kallare-768x1024.jpg\" alt=\"K\u00e4llaring\u00e5ng med nytt svart pl\u00e5ttak och ockragul fasad.\" data-id=\"1547\" data-full-url=\"https:\/\/www.arkreativa.se\/wp-content\/uploads\/efter-entretak-kallare.jpg\" data-link=\"https:\/\/www.arkreativa.se\/efter-entretak-kallare\/\" class=\"wp-image-1547\" srcset=\"https:\/\/www.arkreativa.se\/wp-content\/uploads\/efter-entretak-kallare-768x1023.jpg 768w, https:\/\/www.arkreativa.se\/wp-content\/uploads\/efter-entretak-kallare-225x300.jpg 225w, https:\/\/www.arkreativa.se\/wp-content\/uploads\/efter-entretak-kallare-1153x1536.jpg 1153w, https:\/\/www.arkreativa.se\/wp-content\/uploads\/efter-entretak-kallare.jpg 1407w\" sizes=\"(max-width: 768px) 100vw, 768px\" \/><figcaption class=\"blocks-gallery-item__caption\">Roof over basement entrance &#8211; new colour scheme<\/figcaption><\/figure><\/li><li class=\"blocks-gallery-item\"><figure><img loading=\"lazy\" decoding=\"async\" width=\"768\" height=\"1024\" src=\"https:\/\/www.arkreativa.se\/wp-content\/uploads\/fore-entre-kallare-768x1024.jpg\" alt=\"Trappnedg\u00e5ng till k\u00e4llare, slitet pl\u00e5ttak och gr\u00f6ngr\u00e5 sliten fasad.\" data-id=\"1550\" data-full-url=\"https:\/\/www.arkreativa.se\/wp-content\/uploads\/fore-entre-kallare.jpg\" data-link=\"https:\/\/www.arkreativa.se\/fore-entre-kallare\/\" class=\"wp-image-1550\" srcset=\"https:\/\/www.arkreativa.se\/wp-content\/uploads\/fore-entre-kallare-768x1023.jpg 768w, https:\/\/www.arkreativa.se\/wp-content\/uploads\/fore-entre-kallare-225x300.jpg 225w, https:\/\/www.arkreativa.se\/wp-content\/uploads\/fore-entre-kallare-1153x1536.jpg 1153w, https:\/\/www.arkreativa.se\/wp-content\/uploads\/fore-entre-kallare.jpg 1422w\" sizes=\"(max-width: 768px) 100vw, 768px\" \/><figcaption class=\"blocks-gallery-item__caption\">Basement entrance &#8211; former colour scheme<\/figcaption><\/figure><\/li><li class=\"blocks-gallery-item\"><figure><img loading=\"lazy\" decoding=\"async\" width=\"768\" height=\"1024\" src=\"https:\/\/www.arkreativa.se\/wp-content\/uploads\/efter-entre-kallare-768x1024.jpg\" alt=\"Trappnedg\u00e5ng till k\u00e4llare, nytt svart pl\u00e5ttak och ockragul fasad.\" data-id=\"1545\" data-full-url=\"https:\/\/www.arkreativa.se\/wp-content\/uploads\/efter-entre-kallare.jpg\" data-link=\"https:\/\/www.arkreativa.se\/efter-entre-kallare\/\" class=\"wp-image-1545\" srcset=\"https:\/\/www.arkreativa.se\/wp-content\/uploads\/efter-entre-kallare-768x1023.jpg 768w, https:\/\/www.arkreativa.se\/wp-content\/uploads\/efter-entre-kallare-225x300.jpg 225w, https:\/\/www.arkreativa.se\/wp-content\/uploads\/efter-entre-kallare-1153x1536.jpg 1153w, https:\/\/www.arkreativa.se\/wp-content\/uploads\/efter-entre-kallare.jpg 1422w\" sizes=\"(max-width: 768px) 100vw, 768px\" \/><figcaption class=\"blocks-gallery-item__caption\">Basement entrance &#8211; new colour scheme<\/figcaption><\/figure><\/li><\/ul><\/figure>\n\n\n","protected":false},"excerpt":{"rendered":"<p>New exterior colour scheme Brf St\u00e4ngeln, Ljusdal T\u00e4lle 20:19<\/p>\n","protected":false},"author":1,"featured_media":0,"parent":164,"menu_order":0,"comment_status":"closed","ping_status":"closed","template":"","meta":{"footnotes":""},"class_list":["post-1552","page","type-page","status-publish","hentry"],"translation":{"provider":"WPGlobus","version":"2.8.11","language":"en","enabled_languages":["sv","en"],"languages":{"sv":{"title":true,"content":true,"excerpt":false},"en":{"title":true,"content":true,"excerpt":false}}},"_links":{"self":[{"href":"https:\/\/www.arkreativa.se\/en\/wp-json\/wp\/v2\/pages\/1552"}],"collection":[{"href":"https:\/\/www.arkreativa.se\/en\/wp-json\/wp\/v2\/pages"}],"about":[{"href":"https:\/\/www.arkreativa.se\/en\/wp-json\/wp\/v2\/types\/page"}],"author":[{"embeddable":true,"href":"https:\/\/www.arkreativa.se\/en\/wp-json\/wp\/v2\/users\/1"}],"replies":[{"embeddable":true,"href":"https:\/\/www.arkreativa.se\/en\/wp-json\/wp\/v2\/comments?post=1552"}],"version-history":[{"count":9,"href":"https:\/\/www.arkreativa.se\/en\/wp-json\/wp\/v2\/pages\/1552\/revisions"}],"predecessor-version":[{"id":1572,"href":"https:\/\/www.arkreativa.se\/en\/wp-json\/wp\/v2\/pages\/1552\/revisions\/1572"}],"up":[{"embeddable":true,"href":"https:\/\/www.arkreativa.se\/en\/wp-json\/wp\/v2\/pages\/164"}],"wp:attachment":[{"href":"https:\/\/www.arkreativa.se\/en\/wp-json\/wp\/v2\/media?parent=1552"}],"curies":[{"name":"wp","href":"https:\/\/api.w.org\/{rel}","templated":true}]}}