{"id":224,"date":"2016-10-14T15:09:58","date_gmt":"2016-10-14T15:09:58","guid":{"rendered":"http:\/\/www.arkreativa.se\/?page_id=224"},"modified":"2024-11-12T09:01:27","modified_gmt":"2024-11-12T09:01:27","slug":"pagaende-projekt","status":"publish","type":"page","link":"https:\/\/www.arkreativa.se\/en\/hem\/pagaende-projekt\/","title":{"rendered":"Ongoing projects"},"content":{"rendered":"\n<h1 class=\"wp-block-heading\">Ongoing projects at Arkreativa:<\/h1>\n\n\n\n<h2 class=\"wp-block-heading\">Bussinesses, offices, workshops etc.<\/h2>\n\n\n\n<ul class=\"wp-block-list\"><li>New construction of store buildings in Kl\u00e4ppa, Ljusdal &#8211; Rusta \/ Jem och Fix<\/li><\/ul>\n\n\n\n<ul class=\"wp-block-list\"><li>Building permits for Yamaha test center in F\u00e4rila<\/li><\/ul>\n\n\n\n<ul class=\"wp-block-list\"><li>New construction of offices and workshops for Staffare AB in Sundsvall<\/li><\/ul>\n\n\n\n<ul class=\"wp-block-list\"><li>Fire drill site at Midlanda Airport, Sundsvall<\/li><\/ul>\n\n\n\n<ul class=\"wp-block-list\"><li>Battery storage in Bodmyra, Bj\u00f6rnberget, \u00c5nge \u00a0<\/li><\/ul>\n\n\n\n<div style=\"height:20px\" aria-hidden=\"true\" class=\"wp-block-spacer\"><\/div>\n\n\n\n<h2 class=\"wp-block-heading\">Private housing:<\/h2>\n\n\n\n<ul class=\"has-medium-font-size wp-block-list\"><li>Sketches and building permits for houses and holiday homes in Ljusdal\/J\u00e4rvs\u00f6<\/li><li>Controller (KA) according to PBL<\/li><\/ul>\n\n\n\n<div style=\"height:20px\" aria-hidden=\"true\" class=\"wp-block-spacer\"><\/div>\n\n\n\n<h2 class=\"wp-block-heading\">Town planning<\/h2>\n\n\n\n<ul class=\"has-medium-font-size wp-block-list\"><li>Orbadens Camping \u2013 new plans for current campsite <\/li><li>Ren 30:1, Bolln\u00e4s \u2013 Changed use for walk- and bikeways. <\/li><li>\u00c4lvs\u00e4tra, J\u00e4rvs\u00f6 \u2013 sketches for new construction of homes and planning application<\/li><\/ul>\n","protected":false},"excerpt":{"rendered":"<p>Ongoing projects at Arkreativa: Bussinesses, offices, workshops etc. New construction of store buildings in Kl\u00e4ppa, Ljusdal &#8211; Rusta \/ Jem och Fix Building permits for Yamaha test center in F\u00e4rila New construction of offices and workshops for Staffare AB in Sundsvall Fire drill site at Midlanda Airport, Sundsvall Battery storage in Bodmyra, Bj\u00f6rnberget, \u00c5nge \u00a0<\/p>\n<p><a href=\"https:\/\/www.arkreativa.se\/en\/hem\/pagaende-projekt\/\" class=\"more-link themebutton\">Read More<\/a><\/p>\n","protected":false},"author":1,"featured_media":0,"parent":5,"menu_order":4,"comment_status":"closed","ping_status":"closed","template":"","meta":{"footnotes":""},"class_list":["post-224","page","type-page","status-publish","hentry"],"translation":{"provider":"WPGlobus","version":"2.8.11","language":"en","enabled_languages":["sv","en"],"languages":{"sv":{"title":true,"content":true,"excerpt":false},"en":{"title":true,"content":true,"excerpt":false}}},"_links":{"self":[{"href":"https:\/\/www.arkreativa.se\/en\/wp-json\/wp\/v2\/pages\/224"}],"collection":[{"href":"https:\/\/www.arkreativa.se\/en\/wp-json\/wp\/v2\/pages"}],"about":[{"href":"https:\/\/www.arkreativa.se\/en\/wp-json\/wp\/v2\/types\/page"}],"author":[{"embeddable":true,"href":"https:\/\/www.arkreativa.se\/en\/wp-json\/wp\/v2\/users\/1"}],"replies":[{"embeddable":true,"href":"https:\/\/www.arkreativa.se\/en\/wp-json\/wp\/v2\/comments?post=224"}],"version-history":[{"count":35,"href":"https:\/\/www.arkreativa.se\/en\/wp-json\/wp\/v2\/pages\/224\/revisions"}],"predecessor-version":[{"id":1632,"href":"https:\/\/www.arkreativa.se\/en\/wp-json\/wp\/v2\/pages\/224\/revisions\/1632"}],"up":[{"embeddable":true,"href":"https:\/\/www.arkreativa.se\/en\/wp-json\/wp\/v2\/pages\/5"}],"wp:attachment":[{"href":"https:\/\/www.arkreativa.se\/en\/wp-json\/wp\/v2\/media?parent=224"}],"curies":[{"name":"wp","href":"https:\/\/api.w.org\/{rel}","templated":true}]}}